{"id":56,"date":"2019-08-07T07:55:09","date_gmt":"2019-08-07T07:55:09","guid":{"rendered":"http:\/\/dethlefsen-amrum.com\/?page_id=56"},"modified":"2019-08-07T08:00:54","modified_gmt":"2019-08-07T08:00:54","slug":"lage","status":"publish","type":"page","link":"http:\/\/dethlefsen-amrum.com\/?page_id=56","title":{"rendered":"Lage"},"content":{"rendered":"<p>[et_pb_section fb_built=&#8220;1&#8243; fullwidth=&#8220;on&#8220; _builder_version=&#8220;3.26.6&#8243;][et_pb_fullwidth_image src=&#8220;http:\/\/dethlefsen-amrum.com\/wp-content\/uploads\/2019\/08\/headder.jpg&#8220; _builder_version=&#8220;3.26.6&#8243;][\/et_pb_fullwidth_image][\/et_pb_section][et_pb_section fb_built=&#8220;1&#8243; _builder_version=&#8220;3.22&#8243; custom_padding=&#8220;5px||4px|||&#8220;][et_pb_row _builder_version=&#8220;3.25&#8243; background_size=&#8220;initial&#8220; background_position=&#8220;top_left&#8220; background_repeat=&#8220;repeat&#8220; column_structure=&#8220;1_4,3_4&#8243;][et_pb_column type=&#8220;1_4&#8243; _builder_version=&#8220;3.25&#8243; custom_padding=&#8220;|||&#8220; custom_padding__hover=&#8220;|||&#8220;][et_pb_image src=&#8220;http:\/\/dethlefsen-amrum.com\/wp-content\/uploads\/2019\/08\/info.jpg&#8220; _builder_version=&#8220;3.26.6&#8243; animation_style=&#8220;slide&#8220;][\/et_pb_image][\/et_pb_column][et_pb_column type=&#8220;3_4&#8243; _builder_version=&#8220;3.25&#8243; custom_padding=&#8220;|||&#8220; custom_padding__hover=&#8220;|||&#8220;][et_pb_text _builder_version=&#8220;3.26.6&#8243; background_size=&#8220;initial&#8220; background_position=&#8220;top_left&#8220; background_repeat=&#8220;repeat&#8220;]<\/p>\n<h3><b>Lage<\/b><\/h3>\n<p><b><\/b><\/p>\n<p>Unser Haus liegt in Nebel &#8211; mitten auf der Insel. Von hier aus lassen sich alle Inselorte leicht erreichen &#8211; ob mit dem Fahrrad oder mit dem Bus (die n\u00e4chste Bushaltestelle ist nur 2 Minuten entfernt). Den historische Ortskern erreichen Sie in wenigen Gehminuten. Hier finden Sie alles was Sie brauchen &#8211; ob B\u00e4cker, Lebensmittelladen, kleine Gesch\u00e4fte oder Caf\u00e9s und Restaurants.<br \/> Der Nebler Badestrand ist gut mit dem Fahrrad in 5 Miuten zu erreichen.<\/p>\n<p>Freuen Sie sich auf die einmalige Natur der Insel &#8211; ob im Sommer oder im Winter!<\/p>\n<p>[\/et_pb_text][\/et_pb_column][\/et_pb_row][\/et_pb_section][et_pb_section fb_built=&#8220;1&#8243; fullwidth=&#8220;on&#8220; _builder_version=&#8220;3.26.6&#8243;][et_pb_fullwidth_code _builder_version=&#8220;3.26.6&#8243;]<iframe loading=\"lazy\" width=\"100%\" height=\"600\" frameborder=\"0\" scrolling=\"no\" marginheight=\"0\" marginwidth=\"0\" src=\"https:\/\/www.openstreetmap.org\/export\/embed.html?bbox=8.305149078369142%2C54.63599536398815%2C8.388404846191408%2C54.66420162251888&#038;layer=mapnik&#038;marker=54.65010094016983%2C8.346776962280273\" style=\"border: 1px solid black\"><\/iframe><!\u2013- [et_pb_br_holder] -\u2013><small><a href=\"https:\/\/www.openstreetmap.org\/?mlat=54.6501&#038;mlon=8.3468#map=15\/54.6501\/8.3468\">Gr\u00f6\u00dfere Karte anzeigen<\/a><\/small>[\/et_pb_fullwidth_code][\/et_pb_section]<\/p>\n","protected":false},"excerpt":{"rendered":"<p>Lage Unser Haus liegt in Nebel &#8211; mitten auf der Insel. Von hier aus lassen sich alle Inselorte leicht erreichen &#8211; ob mit dem Fahrrad oder mit dem Bus (die n\u00e4chste Bushaltestelle ist nur 2 Minuten entfernt). Den historische Ortskern erreichen Sie in wenigen Gehminuten. Hier finden Sie alles was Sie brauchen &#8211; ob B\u00e4cker, [&hellip;]<\/p>\n","protected":false},"author":1,"featured_media":0,"parent":0,"menu_order":0,"comment_status":"closed","ping_status":"closed","template":"","meta":{"_et_pb_use_builder":"on","_et_pb_old_content":"This is an example page. It's different from a blog post because it will stay in one place and will show up in your site navigation (in most themes). Most people start with an About page that introduces them to potential site visitors. It might say something like this:\n<blockquote>Hi there! I'm a bike messenger by day, aspiring actor by night, and this is my website. I live in Los Angeles, have a great dog named Jack, and I like pi\u00f1a coladas. (And gettin' caught in the rain.)<\/blockquote>\n...or something like this:\n<blockquote>The XYZ Doohickey Company was founded in 1971, and has been providing quality doohickeys to the public ever since. Located in Gotham City, XYZ employs over 2,000 people and does all kinds of awesome things for the Gotham community.<\/blockquote>\nAs a new WordPress user, you should go to <a href=\"http:\/\/dethlefsen-amrum.com\/wp-admin\/\">your dashboard<\/a> to delete this page and create new pages for your content. Have fun!","_et_gb_content_width":"","footnotes":""},"class_list":["post-56","page","type-page","status-publish","hentry"],"_links":{"self":[{"href":"http:\/\/dethlefsen-amrum.com\/index.php?rest_route=\/wp\/v2\/pages\/56","targetHints":{"allow":["GET"]}}],"collection":[{"href":"http:\/\/dethlefsen-amrum.com\/index.php?rest_route=\/wp\/v2\/pages"}],"about":[{"href":"http:\/\/dethlefsen-amrum.com\/index.php?rest_route=\/wp\/v2\/types\/page"}],"author":[{"embeddable":true,"href":"http:\/\/dethlefsen-amrum.com\/index.php?rest_route=\/wp\/v2\/users\/1"}],"replies":[{"embeddable":true,"href":"http:\/\/dethlefsen-amrum.com\/index.php?rest_route=%2Fwp%2Fv2%2Fcomments&post=56"}],"version-history":[{"count":3,"href":"http:\/\/dethlefsen-amrum.com\/index.php?rest_route=\/wp\/v2\/pages\/56\/revisions"}],"predecessor-version":[{"id":63,"href":"http:\/\/dethlefsen-amrum.com\/index.php?rest_route=\/wp\/v2\/pages\/56\/revisions\/63"}],"wp:attachment":[{"href":"http:\/\/dethlefsen-amrum.com\/index.php?rest_route=%2Fwp%2Fv2%2Fmedia&parent=56"}],"curies":[{"name":"wp","href":"https:\/\/api.w.org\/{rel}","templated":true}]}}